{"id":10,"date":"2018-05-24T10:07:01","date_gmt":"2018-05-24T10:07:01","guid":{"rendered":"https:\/\/radmann.de\/?page_id=10"},"modified":"2018-05-25T00:18:41","modified_gmt":"2018-05-25T00:18:41","slug":"kontakt","status":"publish","type":"page","link":"https:\/\/radmann.de\/index.php\/kontakt\/","title":{"rendered":"Kontakt"},"content":{"rendered":"<p>RADMANN RECHTSANW\u00c4LTE<br \/>\nMaximilianstra\u00dfe 29<br \/>\n80539 M\u00fcnchen<br \/>\nTelefon + 49 (0) 89 24 29 56 &#8211; 0<br \/>\nTelefax + 49 (0) 89 24 29 56 -28<br \/>\nEmail\u00a0<a class=\"mail\" href=\"mailto:info@radmann.de\">info@radmann.de<\/a><\/p>\n","protected":false},"excerpt":{"rendered":"<p>RADMANN RECHTSANW\u00c4LTE Maximilianstra\u00dfe 29 80539 M\u00fcnchen Telefon + 49 (0) 89 24 29 56 &#8211; 0 Telefax + 49 (0) 89 24 29 56 -28 Email\u00a0info@radmann.de<\/p>\n","protected":false},"author":1,"featured_media":5,"parent":0,"menu_order":0,"comment_status":"closed","ping_status":"closed","template":"","meta":{"footnotes":""},"class_list":["post-10","page","type-page","status-publish","has-post-thumbnail","hentry"],"_links":{"self":[{"href":"https:\/\/radmann.de\/index.php\/wp-json\/wp\/v2\/pages\/10","targetHints":{"allow":["GET"]}}],"collection":[{"href":"https:\/\/radmann.de\/index.php\/wp-json\/wp\/v2\/pages"}],"about":[{"href":"https:\/\/radmann.de\/index.php\/wp-json\/wp\/v2\/types\/page"}],"author":[{"embeddable":true,"href":"https:\/\/radmann.de\/index.php\/wp-json\/wp\/v2\/users\/1"}],"replies":[{"embeddable":true,"href":"https:\/\/radmann.de\/index.php\/wp-json\/wp\/v2\/comments?post=10"}],"version-history":[{"count":2,"href":"https:\/\/radmann.de\/index.php\/wp-json\/wp\/v2\/pages\/10\/revisions"}],"predecessor-version":[{"id":55,"href":"https:\/\/radmann.de\/index.php\/wp-json\/wp\/v2\/pages\/10\/revisions\/55"}],"wp:featuredmedia":[{"embeddable":true,"href":"https:\/\/radmann.de\/index.php\/wp-json\/wp\/v2\/media\/5"}],"wp:attachment":[{"href":"https:\/\/radmann.de\/index.php\/wp-json\/wp\/v2\/media?parent=10"}],"curies":[{"name":"wp","href":"https:\/\/api.w.org\/{rel}","templated":true}]}}